{"id":374,"date":"2025-07-21T01:06:02","date_gmt":"2025-07-20T23:06:02","guid":{"rendered":"https:\/\/www.simansour.ca\/?page_id=374"},"modified":"2025-07-21T01:27:37","modified_gmt":"2025-07-20T23:27:37","slug":"contact","status":"publish","type":"page","link":"https:\/\/www.simansour.ca\/index.php\/contact\/","title":{"rendered":"Contact"},"content":{"rendered":"\n<div class=\"wp-block-group has-background has-global-padding is-layout-constrained wp-container-core-group-is-layout-52009084 wp-block-group-is-layout-constrained\" style=\"background-color:#09211d;padding-top:var(--wp--preset--spacing--40);padding-right:var(--wp--preset--spacing--40);padding-bottom:var(--wp--preset--spacing--40);padding-left:var(--wp--preset--spacing--40)\">\n<div class=\"wp-block-columns are-vertically-aligned-center is-layout-flex wp-container-core-columns-is-layout-7fc3d43a wp-block-columns-is-layout-flex\">\n<div class=\"wp-block-column is-vertically-aligned-center is-layout-flow wp-block-column-is-layout-flow\">\n<h1 class=\"wp-block-heading has-heading-text-color-color has-text-color has-link-color wp-elements-580ccc87b7d04f28f5dce8d419000fa4\" style=\"font-size:clamp(28.836px, 1.802rem + ((1vw - 3.2px) * 2.075), 50px);font-style:normal;font-weight:700\">Contactez-nous<\/h1>\n\n\n\n<p style=\"font-size:clamp(0.929rem, 0.929rem + ((1vw - 0.2rem) * 0.739), 1.4rem);\">Vous avez un projet en t\u00eate, une question sur nos services ou besoin d\u2019un accompagnement personnalis\u00e9 en technologies Microsoft ?<br>Notre \u00e9quipe est \u00e0 votre \u00e9coute et pr\u00eate \u00e0 vous aider.<\/p>\n\n\n\n<h3 class=\"wp-block-heading\">Ce que nous vous offrons :<\/h3>\n\n\n\n<p style=\"font-size:clamp(14px, 0.875rem + ((1vw - 3.2px) * 0.49), 19px);\">Une premi\u00e8re consultation sans engagement<\/p>\n\n\n\n<p style=\"font-size:clamp(14px, 0.875rem + ((1vw - 3.2px) * 0.49), 19px);\">Une r\u00e9ponse rapide et personnalis\u00e9e<\/p>\n\n\n\n<p style=\"font-size:clamp(14px, 0.875rem + ((1vw - 3.2px) * 0.49), 19px);\">Des conseils adapt\u00e9s \u00e0 votre environnement IT<\/p>\n<\/div>\n\n\n\n<div class=\"wp-block-column is-vertically-aligned-center is-layout-flow wp-block-column-is-layout-flow\">\n<figure class=\"wp-block-image size-full has-custom-border\"><img loading=\"lazy\" decoding=\"async\" width=\"1920\" height=\"900\" src=\"https:\/\/www.simansour.ca\/wp-content\/uploads\/2024\/03\/hand-3044387_1920.jpg\" alt=\"\" class=\"wp-image-64\" style=\"border-radius:8px\" srcset=\"https:\/\/www.simansour.ca\/wp-content\/uploads\/2024\/03\/hand-3044387_1920.jpg 1920w, https:\/\/www.simansour.ca\/wp-content\/uploads\/2024\/03\/hand-3044387_1920-300x141.jpg 300w, https:\/\/www.simansour.ca\/wp-content\/uploads\/2024\/03\/hand-3044387_1920-1024x480.jpg 1024w, https:\/\/www.simansour.ca\/wp-content\/uploads\/2024\/03\/hand-3044387_1920-768x360.jpg 768w, https:\/\/www.simansour.ca\/wp-content\/uploads\/2024\/03\/hand-3044387_1920-1536x720.jpg 1536w\" sizes=\"auto, (max-width: 1920px) 100vw, 1920px\" \/><\/figure>\n<\/div>\n<\/div>\n\n\n\n<hr class=\"wp-block-separator has-text-color has-contrast-2-color has-alpha-channel-opacity has-contrast-2-background-color has-background is-style-wide\" style=\"margin-top:var(--wp--preset--spacing--40);margin-bottom:var(--wp--preset--spacing--40)\"\/>\n\n\n<style>#wpzf-138 + .notice { margin-top: 20px; padding: 15px; border-radius: 4px; }#wpzf-138 + .notice.success { background-color: #e7f7ed; color: #227045; border-left: 4px solid #46b450; }#wpzf-138 + .notice.error { background-color: #fde8e8; color: #8a1f11; border-left: 4px solid #cc0000; }#wpzf-138 + .notice p { margin: 0; }#wpzf-138-notice { scroll-margin-top: 24px; }<\/style><!-- ZOOM Forms Start -->\n\t\t\t<form id=\"wpzf-138\" method=\"post\" action=\"https:\/\/www.simansour.ca\/wp-admin\/admin-post.php\" class=\"wpzoom-forms_form\">\n\t\t\t<input type=\"hidden\" name=\"action\" value=\"wpzf_submit\" \/>\n\t\t\t<input type=\"hidden\" name=\"form_id\" value=\"138\" \/>\n\t\t\t<input type=\"hidden\" id=\"_wpnonce\" name=\"_wpnonce\" value=\"87d705e8b4\" \/><input type=\"hidden\" name=\"_wp_http_referer\" value=\"\/index.php\/wp-json\/wp\/v2\/pages\/374\" \/>\n\t\t\t\n<div class=\"wp-block-wpzoom-forms-form\">\n<div class=\"wp-block-group has-background is-layout-flow wp-block-group-is-layout-flow\" style=\"background-color:#09211d\">\n<div class=\"wp-block-columns is-layout-flex wp-container-core-columns-is-layout-28f84493 wp-block-columns-is-layout-flex\">\n<div class=\"wp-block-column is-layout-flow wp-block-column-is-layout-flow\" style=\"flex-basis:100%\">\n<label for=\"input_name\"><span>Nom<\/span><sup class=\"wp-block-wpzoom-forms-required\">*<\/sup><\/label><input type=\"text\" name=\"wpzf_input_name\" id=\"input_name\" placeholder=\"Votre nom\" required class=\"wp-block-wpzoom-forms-text-name-field fullwidth\"\/>\n\n\n\n<label for=\"input_email\"><span>Email<\/span><sup class=\"wp-block-wpzoom-forms-required\">*<\/sup><\/label><input type=\"email\" name=\"wpzf_input_email\" id=\"input_email\" placeholder=\"Votre adresse courriel\" required data-replyto=\"true\" class=\"wp-block-wpzoom-forms-text-email-field fullwidth\"\/>\n\n\n\n<label for=\"input_subject\"><span>Sujet<\/span><sup class=\"wp-block-wpzoom-forms-required\">*<\/sup><\/label><input type=\"text\" name=\"wpzf_input_subject\" id=\"input_subject\" placeholder=\"Votre sujet\" required data-subject=\"true\" class=\"wp-block-wpzoom-forms-text-plain-field fullwidth\"\/>\n\n\n\n<label for=\"input_message\"><span>Message<\/span><sup class=\"wp-block-wpzoom-forms-required\">*<\/sup><\/label><textarea name=\"wpzf_input_message\" id=\"input_message\" cols=\"55\" rows=\"10\" placeholder=\"Votre message\" required class=\"wp-block-wpzoom-forms-textarea-field fullwidth\"><\/textarea>\n<\/div>\n<\/div>\n\n\n\n<div class=\"wp-block-columns is-layout-flex wp-container-core-columns-is-layout-28f84493 wp-block-columns-is-layout-flex\">\n<div class=\"wp-block-column is-layout-flow wp-block-column-is-layout-flow\" style=\"flex-basis:30%\">\n<input type=\"submit\" id=\"input_submit\" value=\"Soumettre\" class=\"wp-block-wpzoom-forms-submit-field is-style-modern\"\/>\n<\/div>\n\n\n\n<div class=\"wp-block-column is-layout-flow wp-block-column-is-layout-flow\" style=\"flex-basis:70%\">\n<p class=\"has-text-align-right\" style=\"font-size:clamp(14px, 0.875rem + ((1vw - 3.2px) * 0.196), 16px);px\">Les champs marqu\u00e9s * sont obligatoires.<\/p>\n<\/div>\n<\/div>\n<\/div>\n<\/div>\n\n\t\t\t<input type=\"hidden\" name=\"wpzf_replyto\" value=\"wpzf_input_email\" \/><input type=\"hidden\" name=\"wpzf_subject\" value=\"wpzf_input_subject\" \/><\/form>\n\t\t\t\n\t\t\t<!-- ZOOM Forms End --><\/div>\n","protected":false},"excerpt":{"rendered":"<p>Contactez-nous Vous avez un projet en t\u00eate, une question sur nos services ou besoin d\u2019un accompagnement personnalis\u00e9 en technologies Microsoft ?Notre \u00e9quipe est \u00e0 votre \u00e9coute et pr\u00eate \u00e0 vous aider. Ce que nous vous offrons : Une premi\u00e8re consultation sans engagement Une r\u00e9ponse rapide et personnalis\u00e9e Des conseils adapt\u00e9s \u00e0 votre environnement IT<\/p>\n","protected":false},"author":2,"featured_media":0,"parent":0,"menu_order":0,"comment_status":"closed","ping_status":"closed","template":"","meta":{"footnotes":""},"class_list":["post-374","page","type-page","status-publish","hentry"],"featured_media_urls":[],"_links":{"self":[{"href":"https:\/\/www.simansour.ca\/index.php\/wp-json\/wp\/v2\/pages\/374","targetHints":{"allow":["GET"]}}],"collection":[{"href":"https:\/\/www.simansour.ca\/index.php\/wp-json\/wp\/v2\/pages"}],"about":[{"href":"https:\/\/www.simansour.ca\/index.php\/wp-json\/wp\/v2\/types\/page"}],"author":[{"embeddable":true,"href":"https:\/\/www.simansour.ca\/index.php\/wp-json\/wp\/v2\/users\/2"}],"replies":[{"embeddable":true,"href":"https:\/\/www.simansour.ca\/index.php\/wp-json\/wp\/v2\/comments?post=374"}],"version-history":[{"count":5,"href":"https:\/\/www.simansour.ca\/index.php\/wp-json\/wp\/v2\/pages\/374\/revisions"}],"predecessor-version":[{"id":386,"href":"https:\/\/www.simansour.ca\/index.php\/wp-json\/wp\/v2\/pages\/374\/revisions\/386"}],"wp:attachment":[{"href":"https:\/\/www.simansour.ca\/index.php\/wp-json\/wp\/v2\/media?parent=374"}],"curies":[{"name":"wp","href":"https:\/\/api.w.org\/{rel}","templated":true}]}}